{"id":246,"date":"2025-11-09T17:35:23","date_gmt":"2025-11-09T16:35:23","guid":{"rendered":"https:\/\/www.kristetmingel.se\/?page_id=246"},"modified":"2025-11-20T10:04:34","modified_gmt":"2025-11-20T09:04:34","slug":"aktenskap","status":"publish","type":"page","link":"https:\/\/www.kristetmingel.se\/aktenskap\/","title":{"rendered":"\u00c4ktenskap"},"content":{"rendered":"\t\t<div data-elementor-type=\"wp-page\" data-elementor-id=\"246\" class=\"elementor elementor-246\">\n\t\t\t\t<div class=\"elementor-element elementor-element-a3a1610 e-con-full e-flex e-con e-parent\" data-id=\"a3a1610\" data-element_type=\"container\" data-settings=\"{&quot;background_background&quot;:&quot;classic&quot;}\">\n\t\t<div class=\"elementor-element elementor-element-ee102fa e-con-full e-flex e-con e-child\" data-id=\"ee102fa\" data-element_type=\"container\">\n\t\t\t\t<\/div>\n\t\t<div class=\"elementor-element elementor-element-e5ddc15 e-con-full e-flex e-con e-child\" data-id=\"e5ddc15\" data-element_type=\"container\">\n\t\t\t\t<div class=\"elementor-element elementor-element-28eca24 elementor-widget elementor-widget-heading\" data-id=\"28eca24\" data-element_type=\"widget\" data-widget_type=\"heading.default\">\n\t\t\t\t\t<h1 class=\"elementor-heading-title elementor-size-default\">M\u00f6t din dr\u00f6mpartner<\/h1>\t\t\t\t<\/div>\n\t\t\t\t<div class=\"elementor-element elementor-element-93f610b elementor-widget elementor-widget-heading\" data-id=\"93f610b\" data-element_type=\"widget\" data-widget_type=\"heading.default\">\n\t\t\t\t\t<h4 class=\"elementor-heading-title elementor-size-default\">stark kommunikation, minskade klyftor och genuin f\u00f6rsst\u00e5else...f\u00f6r en h\u00e5llbar relation<\/h4>\t\t\t\t<\/div>\n\t\t\t\t<div class=\"elementor-element elementor-element-791b658 elementor-align-center elementor-widget elementor-widget-button\" data-id=\"791b658\" data-element_type=\"widget\" data-widget_type=\"button.default\">\n\t\t\t\t\t\t\t\t\t\t<a class=\"elementor-button elementor-size-sm\" role=\"button\">\n\t\t\t\t\t\t<span class=\"elementor-button-content-wrapper\">\n\t\t\t\t\t\t\t\t\t<span class=\"elementor-button-text\">g\u00e5 med<\/span>\n\t\t\t\t\t<\/span>\n\t\t\t\t\t<\/a>\n\t\t\t\t\t\t\t\t<\/div>\n\t\t\t\t<\/div>\n\t\t\t\t<\/div>\n\t\t\t\t<\/div>\n\t\t","protected":false},"excerpt":{"rendered":"<p>M\u00f6t din dr\u00f6mpartner stark kommunikation, minskade klyftor och genuin f\u00f6rsst\u00e5else&#8230;f\u00f6r en h\u00e5llbar relation g\u00e5 med<\/p>\n","protected":false},"author":1,"featured_media":0,"parent":0,"menu_order":64,"comment_status":"closed","ping_status":"closed","template":"","meta":{"_bbp_topic_count":0,"_bbp_reply_count":0,"_bbp_total_topic_count":0,"_bbp_total_reply_count":0,"_bbp_voice_count":0,"_bbp_anonymous_reply_count":0,"_bbp_topic_count_hidden":0,"_bbp_reply_count_hidden":0,"_bbp_forum_subforum_count":0,"two_page_speed":[],"footnotes":""},"class_list":["post-246","page","type-page","status-publish","hentry"],"_links":{"self":[{"href":"https:\/\/www.kristetmingel.se\/index.php\/wp-json\/wp\/v2\/pages\/246","targetHints":{"allow":["GET"]}}],"collection":[{"href":"https:\/\/www.kristetmingel.se\/index.php\/wp-json\/wp\/v2\/pages"}],"about":[{"href":"https:\/\/www.kristetmingel.se\/index.php\/wp-json\/wp\/v2\/types\/page"}],"author":[{"embeddable":true,"href":"https:\/\/www.kristetmingel.se\/index.php\/wp-json\/wp\/v2\/users\/1"}],"replies":[{"embeddable":true,"href":"https:\/\/www.kristetmingel.se\/index.php\/wp-json\/wp\/v2\/comments?post=246"}],"version-history":[{"count":10,"href":"https:\/\/www.kristetmingel.se\/index.php\/wp-json\/wp\/v2\/pages\/246\/revisions"}],"predecessor-version":[{"id":947,"href":"https:\/\/www.kristetmingel.se\/index.php\/wp-json\/wp\/v2\/pages\/246\/revisions\/947"}],"wp:attachment":[{"href":"https:\/\/www.kristetmingel.se\/index.php\/wp-json\/wp\/v2\/media?parent=246"}],"curies":[{"name":"wp","href":"https:\/\/api.w.org\/{rel}","templated":true}]}}