{"id":249,"date":"2025-11-09T17:36:02","date_gmt":"2025-11-09T16:36:02","guid":{"rendered":"https:\/\/www.kristetmingel.se\/?page_id=249"},"modified":"2025-11-20T10:03:37","modified_gmt":"2025-11-20T09:03:37","slug":"barnuppfostran","status":"publish","type":"page","link":"https:\/\/www.kristetmingel.se\/barnuppfostran\/","title":{"rendered":"Barnuppfostran"},"content":{"rendered":"\t\t<div data-elementor-type=\"wp-page\" data-elementor-id=\"249\" class=\"elementor elementor-249\">\n\t\t\t\t<div class=\"elementor-element elementor-element-56b6046 e-con-full e-flex e-con e-parent\" data-id=\"56b6046\" data-element_type=\"container\" data-settings=\"{&quot;background_background&quot;:&quot;classic&quot;}\">\n\t\t<div class=\"elementor-element elementor-element-c2585d9 e-con-full e-flex e-con e-child\" data-id=\"c2585d9\" data-element_type=\"container\">\n\t\t\t\t<\/div>\n\t\t<div class=\"elementor-element elementor-element-80478a2 e-con-full e-flex e-con e-child\" data-id=\"80478a2\" data-element_type=\"container\">\n\t\t\t\t<div class=\"elementor-element elementor-element-296265e elementor-widget elementor-widget-heading\" data-id=\"296265e\" data-element_type=\"widget\" data-widget_type=\"heading.default\">\n\t\t\t\t\t<h1 class=\"elementor-heading-title elementor-size-default\">M\u00f6t din dr\u00f6mpartner<\/h1>\t\t\t\t<\/div>\n\t\t\t\t<div class=\"elementor-element elementor-element-643eb52 elementor-widget elementor-widget-heading\" data-id=\"643eb52\" data-element_type=\"widget\" data-widget_type=\"heading.default\">\n\t\t\t\t\t<h4 class=\"elementor-heading-title elementor-size-default\">stark kommunikation, minskade klyftor och genuin f\u00f6rsst\u00e5else...f\u00f6r en h\u00e5llbar relation<\/h4>\t\t\t\t<\/div>\n\t\t\t\t<div class=\"elementor-element elementor-element-0f40973 elementor-align-center elementor-widget elementor-widget-button\" data-id=\"0f40973\" data-element_type=\"widget\" data-widget_type=\"button.default\">\n\t\t\t\t\t\t\t\t\t\t<a class=\"elementor-button elementor-size-sm\" role=\"button\">\n\t\t\t\t\t\t<span class=\"elementor-button-content-wrapper\">\n\t\t\t\t\t\t\t\t\t<span class=\"elementor-button-text\">g\u00e5 med<\/span>\n\t\t\t\t\t<\/span>\n\t\t\t\t\t<\/a>\n\t\t\t\t\t\t\t\t<\/div>\n\t\t\t\t<\/div>\n\t\t\t\t<\/div>\n\t\t\t\t<\/div>\n\t\t","protected":false},"excerpt":{"rendered":"<p>M\u00f6t din dr\u00f6mpartner stark kommunikation, minskade klyftor och genuin f\u00f6rsst\u00e5else&#8230;f\u00f6r en h\u00e5llbar relation g\u00e5 med<\/p>\n","protected":false},"author":1,"featured_media":0,"parent":0,"menu_order":6,"comment_status":"closed","ping_status":"closed","template":"","meta":{"_bbp_topic_count":0,"_bbp_reply_count":0,"_bbp_total_topic_count":0,"_bbp_total_reply_count":0,"_bbp_voice_count":0,"_bbp_anonymous_reply_count":0,"_bbp_topic_count_hidden":0,"_bbp_reply_count_hidden":0,"_bbp_forum_subforum_count":0,"two_page_speed":[],"footnotes":""},"class_list":["post-249","page","type-page","status-publish","hentry"],"_links":{"self":[{"href":"https:\/\/www.kristetmingel.se\/index.php\/wp-json\/wp\/v2\/pages\/249","targetHints":{"allow":["GET"]}}],"collection":[{"href":"https:\/\/www.kristetmingel.se\/index.php\/wp-json\/wp\/v2\/pages"}],"about":[{"href":"https:\/\/www.kristetmingel.se\/index.php\/wp-json\/wp\/v2\/types\/page"}],"author":[{"embeddable":true,"href":"https:\/\/www.kristetmingel.se\/index.php\/wp-json\/wp\/v2\/users\/1"}],"replies":[{"embeddable":true,"href":"https:\/\/www.kristetmingel.se\/index.php\/wp-json\/wp\/v2\/comments?post=249"}],"version-history":[{"count":10,"href":"https:\/\/www.kristetmingel.se\/index.php\/wp-json\/wp\/v2\/pages\/249\/revisions"}],"predecessor-version":[{"id":944,"href":"https:\/\/www.kristetmingel.se\/index.php\/wp-json\/wp\/v2\/pages\/249\/revisions\/944"}],"wp:attachment":[{"href":"https:\/\/www.kristetmingel.se\/index.php\/wp-json\/wp\/v2\/media?parent=249"}],"curies":[{"name":"wp","href":"https:\/\/api.w.org\/{rel}","templated":true}]}}