{"id":31,"date":"2025-10-29T08:34:32","date_gmt":"2025-10-29T07:34:32","guid":{"rendered":"https:\/\/kristet-mingel.wasmer.app\/?page_id=31"},"modified":"2026-01-09T16:54:01","modified_gmt":"2026-01-09T15:54:01","slug":"upptack-km","status":"publish","type":"page","link":"https:\/\/www.kristetmingel.se\/","title":{"rendered":"Uppt\u00e4ck KM"},"content":{"rendered":"\t\t<div data-elementor-type=\"wp-page\" data-elementor-id=\"31\" class=\"elementor elementor-31\">\n\t\t\t\t<div class=\"elementor-element elementor-element-40e63e8 e-con-full e-flex e-con e-parent\" data-id=\"40e63e8\" data-element_type=\"container\" data-settings=\"{&quot;background_background&quot;:&quot;classic&quot;}\">\n\t\t<div class=\"elementor-element elementor-element-af8764c e-con-full e-flex e-con e-child\" data-id=\"af8764c\" data-element_type=\"container\">\n\t\t\t\t<\/div>\n\t\t<div class=\"elementor-element elementor-element-fefd5e2 e-con-full e-flex e-con e-child\" data-id=\"fefd5e2\" data-element_type=\"container\">\n\t\t\t\t<div class=\"elementor-element elementor-element-7bb2845 elementor-widget elementor-widget-heading\" data-id=\"7bb2845\" data-element_type=\"widget\" data-widget_type=\"heading.default\">\n\t\t\t\t\t<h1 class=\"elementor-heading-title elementor-size-default\">M\u00f6t din dr\u00f6mpartner<\/h1>\t\t\t\t<\/div>\n\t\t\t\t<div class=\"elementor-element elementor-element-b0105e6 elementor-widget elementor-widget-heading\" data-id=\"b0105e6\" data-element_type=\"widget\" data-widget_type=\"heading.default\">\n\t\t\t\t\t<h4 class=\"elementor-heading-title elementor-size-default\">stark kommunikation, minskade klyftor och genuin f\u00f6rsst\u00e5else...f\u00f6r en h\u00e5llbar relation<\/h4>\t\t\t\t<\/div>\n\t\t\t\t<div class=\"elementor-element elementor-element-cda8940 elementor-align-center elementor-widget elementor-widget-button\" data-id=\"cda8940\" data-element_type=\"widget\" data-widget_type=\"button.default\">\n\t\t\t\t\t\t\t\t\t\t<a class=\"elementor-button elementor-size-sm\" role=\"button\">\n\t\t\t\t\t\t<span class=\"elementor-button-content-wrapper\">\n\t\t\t\t\t\t\t\t\t<span class=\"elementor-button-text\">g\u00e5 med<\/span>\n\t\t\t\t\t<\/span>\n\t\t\t\t\t<\/a>\n\t\t\t\t\t\t\t\t<\/div>\n\t\t\t\t<\/div>\n\t\t\t\t<\/div>\n\t\t\t\t<\/div>\n\t\t","protected":false},"excerpt":{"rendered":"<p>M\u00f6t din dr\u00f6mpartner stark kommunikation, minskade klyftor och genuin f\u00f6rsst\u00e5else&#8230;f\u00f6r en h\u00e5llbar relation g\u00e5 med<\/p>\n","protected":false},"author":1,"featured_media":0,"parent":0,"menu_order":57,"comment_status":"closed","ping_status":"closed","template":"","meta":{"_bbp_topic_count":0,"_bbp_reply_count":0,"_bbp_total_topic_count":0,"_bbp_total_reply_count":0,"_bbp_voice_count":0,"_bbp_anonymous_reply_count":0,"_bbp_topic_count_hidden":0,"_bbp_reply_count_hidden":0,"_bbp_forum_subforum_count":0,"two_page_speed":{"current_score":{"desktop_score":72,"desktop_tti":"2.2\u00a0","mobile_score":56.00000000000001,"mobile_tti":"10.9\u00a0","date":"09.12.2025 03:21:00 pm","status":"error_no_score"}},"footnotes":""},"class_list":["post-31","page","type-page","status-publish","hentry"],"_links":{"self":[{"href":"https:\/\/www.kristetmingel.se\/index.php\/wp-json\/wp\/v2\/pages\/31","targetHints":{"allow":["GET"]}}],"collection":[{"href":"https:\/\/www.kristetmingel.se\/index.php\/wp-json\/wp\/v2\/pages"}],"about":[{"href":"https:\/\/www.kristetmingel.se\/index.php\/wp-json\/wp\/v2\/types\/page"}],"author":[{"embeddable":true,"href":"https:\/\/www.kristetmingel.se\/index.php\/wp-json\/wp\/v2\/users\/1"}],"replies":[{"embeddable":true,"href":"https:\/\/www.kristetmingel.se\/index.php\/wp-json\/wp\/v2\/comments?post=31"}],"version-history":[{"count":10,"href":"https:\/\/www.kristetmingel.se\/index.php\/wp-json\/wp\/v2\/pages\/31\/revisions"}],"predecessor-version":[{"id":1023,"href":"https:\/\/www.kristetmingel.se\/index.php\/wp-json\/wp\/v2\/pages\/31\/revisions\/1023"}],"wp:attachment":[{"href":"https:\/\/www.kristetmingel.se\/index.php\/wp-json\/wp\/v2\/media?parent=31"}],"curies":[{"name":"wp","href":"https:\/\/api.w.org\/{rel}","templated":true}]}}