{"id":335,"date":"2025-11-11T15:48:06","date_gmt":"2025-11-11T14:48:06","guid":{"rendered":"https:\/\/www.kristetmingel.se\/?page_id=335"},"modified":"2025-11-22T19:10:37","modified_gmt":"2025-11-22T18:10:37","slug":"cookie-policy","status":"publish","type":"page","link":"https:\/\/www.kristetmingel.se\/cookie-policy\/","title":{"rendered":"Cookie policy"},"content":{"rendered":"\t\t<div data-elementor-type=\"wp-page\" data-elementor-id=\"335\" class=\"elementor elementor-335\">\n\t\t\t\t<div class=\"elementor-element elementor-element-59abab6 e-con-full e-flex e-con e-parent\" data-id=\"59abab6\" data-element_type=\"container\" data-settings=\"{&quot;background_background&quot;:&quot;classic&quot;}\">\n\t\t<div class=\"elementor-element elementor-element-e7a37cb e-con-full e-flex e-con e-child\" data-id=\"e7a37cb\" data-element_type=\"container\">\n\t\t\t\t<\/div>\n\t\t<div class=\"elementor-element elementor-element-736c279 e-con-full e-flex e-con e-child\" data-id=\"736c279\" data-element_type=\"container\">\n\t\t\t\t<div class=\"elementor-element elementor-element-7ee74bf elementor-widget elementor-widget-text-editor\" data-id=\"7ee74bf\" data-element_type=\"widget\" data-widget_type=\"text-editor.default\">\n\t\t\t\t\t\t\t\t\t<h2 data-start=\"103\" data-end=\"117\"><span style=\"color: #333333;\">Cookiepolicy<\/span><\/h2>\n<h4 data-start=\"119\" data-end=\"141\"><span style=\"color: #333333;\">1. Vad \u00e4r cookies<\/span><\/h4>\n<p data-start=\"142\" data-end=\"410\"><span style=\"color: #333333;\">En cookie \u00e4r en liten textfil som sparas p\u00e5 din dator, mobil eller surfplatta n\u00e4r du bes\u00f6ker en webbplats. Cookies anv\u00e4nds f\u00f6r att tillf\u00e4lligt lagra information, exempelvis om du \u00e4r inloggad, eller andra uppgifter som f\u00f6rb\u00e4ttrar och anpassar din upplevelse p\u00e5 sidan.<\/span><\/p>\n<p data-start=\"412\" data-end=\"445\"><span style=\"color: #333333;\">Det finns tv\u00e5 typer av cookies:<\/span><\/p>\n<ul data-start=\"446\" data-end=\"624\">\n<li data-start=\"446\" data-end=\"514\">\n<p data-start=\"448\" data-end=\"514\"><span style=\"color: #333333;\"><strong data-start=\"448\" data-end=\"470\">F\u00f6rstapartscookies<\/strong>: Skapas av webbplatsen du bes\u00f6ker direkt.<\/span><\/p>\n<\/li>\n<li data-start=\"515\" data-end=\"624\">\n<p data-start=\"517\" data-end=\"624\"><span style=\"color: #333333;\"><strong data-start=\"517\" data-end=\"539\">Tredjepartscookies<\/strong>: Skapas av externa tj\u00e4nster som anv\u00e4nds p\u00e5 webbplatsen, exempelvis Google Analytics.<\/span><\/p>\n<\/li>\n<\/ul>\n<hr data-start=\"626\" data-end=\"629\" \/>\n<h4 data-start=\"631\" data-end=\"665\"><span style=\"color: #333333;\">2. Varf\u00f6r vi anv\u00e4nder cookies<\/span><\/h4>\n<p data-start=\"666\" data-end=\"891\"><span style=\"color: #333333;\">Cookies \u00e4r viktiga f\u00f6r att v\u00e5r webbplats ska fungera smidigt och f\u00f6r att vi ska kunna analysera bes\u00f6ksstatistik. P\u00e5 s\u00e5 s\u00e4tt kan vi bland annat se om du tidigare bes\u00f6kt sidan, om du \u00e4r inloggad och hur v\u00e5ra tj\u00e4nster anv\u00e4nds.<\/span><\/p>\n<p data-start=\"893\" data-end=\"1290\"><span style=\"color: #333333;\">Vi anv\u00e4nder exempelvis <strong data-start=\"916\" data-end=\"936\">Google Analytics<\/strong> f\u00f6r att samla in och analysera statistik om bes\u00f6k p\u00e5 webbplatsen. Google Analytics anv\u00e4nder cookies f\u00f6r att f\u00f6rst\u00e5 hur v\u00e5ra tj\u00e4nster anv\u00e4nds, exempelvis vilka sidor som \u00e4r mest bes\u00f6kta, varifr\u00e5n bes\u00f6karna kommer och vid vilka tidpunkter bes\u00f6ken sker. Vi samlar <strong data-start=\"1198\" data-end=\"1206\">inte<\/strong> in personligt identifierbar information eller k\u00e4nsliga uppgifter via dessa cookies.<\/span><\/p>\n<hr data-start=\"1292\" data-end=\"1295\" \/>\n<h4 data-start=\"1297\" data-end=\"1331\"><span style=\"color: #333333;\">3. Hantera och radera cookies<\/span><\/h4>\n<p data-start=\"1332\" data-end=\"1460\"><span style=\"color: #333333;\">Du kan sj\u00e4lv best\u00e4mma hur cookies ska hanteras genom att \u00e4ndra inst\u00e4llningarna i din webbl\u00e4sare. H\u00e4r \u00e4r exempel p\u00e5 hur du g\u00f6r:<\/span><\/p>\n<h5 data-start=\"1462\" data-end=\"1483\"><span style=\"color: #333333;\">Internet Explorer<\/span><\/h5>\n<p data-start=\"1484\" data-end=\"1505\"><span style=\"color: #333333;\"><strong data-start=\"1484\" data-end=\"1503\">Radera cookies:<\/strong><\/span><\/p>\n<ol data-start=\"1506\" data-end=\"1664\">\n<li data-start=\"1506\" data-end=\"1547\">\n<p data-start=\"1509\" data-end=\"1547\"><span style=\"color: #333333;\">Klicka p\u00e5 Verktyg (kugghjulsikonen).<\/span><\/p>\n<\/li>\n<li data-start=\"1548\" data-end=\"1598\">\n<p data-start=\"1551\" data-end=\"1598\"><span style=\"color: #333333;\">V\u00e4lj <strong data-start=\"1556\" data-end=\"1568\">S\u00e4kerhet<\/strong> \u2192 <strong data-start=\"1571\" data-end=\"1595\">Ta bort webbhistorik<\/strong>.<\/span><\/p>\n<\/li>\n<li data-start=\"1599\" data-end=\"1664\">\n<p data-start=\"1602\" data-end=\"1664\"><span style=\"color: #333333;\">Kryssa i <strong data-start=\"1611\" data-end=\"1640\">Cookies och webbplatsdata<\/strong> och v\u00e4lj <strong data-start=\"1650\" data-end=\"1661\">Ta bort<\/strong>.<\/span><\/p>\n<\/li>\n<\/ol>\n<p data-start=\"1666\" data-end=\"1689\"><span style=\"color: #333333;\"><strong data-start=\"1666\" data-end=\"1687\">Blockera cookies:<\/strong><\/span><\/p>\n<ol data-start=\"1690\" data-end=\"1849\">\n<li data-start=\"1690\" data-end=\"1749\">\n<p data-start=\"1693\" data-end=\"1749\"><span style=\"color: #333333;\">Klicka p\u00e5 Verktyg (kugghjul) \u2192 <strong data-start=\"1724\" data-end=\"1746\">Internetalternativ<\/strong>.<\/span><\/p>\n<\/li>\n<li data-start=\"1750\" data-end=\"1800\">\n<p data-start=\"1753\" data-end=\"1800\"><span style=\"color: #333333;\">G\u00e5 till fliken <strong data-start=\"1768\" data-end=\"1781\">Sekretess<\/strong> \u2192 <strong data-start=\"1784\" data-end=\"1797\">Avancerat<\/strong>.<\/span><\/p>\n<\/li>\n<li data-start=\"1801\" data-end=\"1849\">\n<p data-start=\"1804\" data-end=\"1849\"><span style=\"color: #333333;\">V\u00e4lj om cookies ska till\u00e5tas eller blockeras.<\/span><\/p>\n<\/li>\n<\/ol>\n<h5 data-start=\"1851\" data-end=\"1870\"><span style=\"color: #333333;\">Mozilla Firefox<\/span><\/h5>\n<p data-start=\"1871\" data-end=\"1892\"><span style=\"color: #333333;\"><strong data-start=\"1871\" data-end=\"1890\">Radera cookies:<\/strong><\/span><\/p>\n<ol data-start=\"1893\" data-end=\"2001\">\n<li data-start=\"1893\" data-end=\"1951\">\n<p data-start=\"1896\" data-end=\"1951\"><span style=\"color: #333333;\">G\u00e5 till <strong data-start=\"1904\" data-end=\"1921\">Inst\u00e4llningar<\/strong> \u2192 <strong data-start=\"1924\" data-end=\"1948\">Sekretess &amp; s\u00e4kerhet<\/strong>.<\/span><\/p>\n<\/li>\n<li data-start=\"1952\" data-end=\"2001\">\n<p data-start=\"1955\" data-end=\"2001\"><span style=\"color: #333333;\">Klicka p\u00e5 <strong data-start=\"1965\" data-end=\"1979\">Visa kakor<\/strong> \u2192 <strong data-start=\"1982\" data-end=\"1998\">Ta bort alla<\/strong>.<\/span><\/p>\n<\/li>\n<\/ol>\n<p data-start=\"2003\" data-end=\"2026\"><span style=\"color: #333333;\"><strong data-start=\"2003\" data-end=\"2024\">Blockera cookies:<\/strong><\/span><\/p>\n<ol data-start=\"2027\" data-end=\"2139\">\n<li data-start=\"2027\" data-end=\"2085\">\n<p data-start=\"2030\" data-end=\"2085\"><span style=\"color: #333333;\">G\u00e5 till <strong data-start=\"2038\" data-end=\"2055\">Inst\u00e4llningar<\/strong> \u2192 <strong data-start=\"2058\" data-end=\"2082\">Sekretess &amp; s\u00e4kerhet<\/strong>.<\/span><\/p>\n<\/li>\n<li data-start=\"2086\" data-end=\"2139\">\n<p data-start=\"2089\" data-end=\"2139\"><span style=\"color: #333333;\">Avmarkera <strong data-start=\"2099\" data-end=\"2138\">Till\u00e5t att webbplatser lagrar kakor<\/strong>.<\/span><\/p>\n<\/li>\n<\/ol>\n<h5 data-start=\"2141\" data-end=\"2158\"><span style=\"color: #333333;\">Google Chrome<\/span><\/h5>\n<p data-start=\"2159\" data-end=\"2180\"><span style=\"color: #333333;\"><strong data-start=\"2159\" data-end=\"2178\">Radera cookies:<\/strong><\/span><\/p>\n<ol data-start=\"2181\" data-end=\"2326\">\n<li data-start=\"2181\" data-end=\"2298\">\n<p data-start=\"2184\" data-end=\"2298\"><span style=\"color: #333333;\">\u00d6ppna <strong data-start=\"2190\" data-end=\"2207\">Inst\u00e4llningar<\/strong> \u2192 <strong data-start=\"2210\" data-end=\"2223\">Avancerat<\/strong> \u2192 <strong data-start=\"2226\" data-end=\"2252\">Sekretess och s\u00e4kerhet<\/strong> \u2192 <strong data-start=\"2255\" data-end=\"2281\">Inneh\u00e5llsinst\u00e4llningar<\/strong> \u2192 <strong data-start=\"2284\" data-end=\"2295\">Cookies<\/strong>.<\/span><\/p>\n<\/li>\n<li data-start=\"2299\" data-end=\"2326\">\n<p data-start=\"2302\" data-end=\"2326\"><span style=\"color: #333333;\">V\u00e4lj <strong data-start=\"2307\" data-end=\"2323\">Ta bort alla<\/strong>.<\/span><\/p>\n<\/li>\n<\/ol>\n<p data-start=\"2328\" data-end=\"2351\"><span style=\"color: #333333;\"><strong data-start=\"2328\" data-end=\"2349\">Blockera cookies:<\/strong><\/span><\/p>\n<ol data-start=\"2352\" data-end=\"2474\">\n<li data-start=\"2352\" data-end=\"2389\">\n<p data-start=\"2355\" data-end=\"2389\"><span style=\"color: #333333;\">F\u00f6lj samma v\u00e4g till <strong data-start=\"2375\" data-end=\"2386\">Cookies<\/strong>.<\/span><\/p>\n<\/li>\n<li data-start=\"2390\" data-end=\"2474\">\n<p data-start=\"2393\" data-end=\"2474\"><span style=\"color: #333333;\">St\u00e4ng av alternativet <strong data-start=\"2415\" data-end=\"2473\">Till\u00e5t att webbplatser sparar och l\u00e4ser data i cookies<\/strong>.<\/span><\/p>\n<\/li>\n<\/ol>\n<h5 data-start=\"2476\" data-end=\"2486\"><span style=\"color: #333333;\">Safari<\/span><\/h5>\n<p data-start=\"2487\" data-end=\"2508\"><span style=\"color: #333333;\"><strong data-start=\"2487\" data-end=\"2506\">Radera cookies:<\/strong><\/span><\/p>\n<ol data-start=\"2509\" data-end=\"2596\">\n<li data-start=\"2509\" data-end=\"2596\">\n<p data-start=\"2512\" data-end=\"2596\"><span style=\"color: #333333;\">G\u00e5 till <strong data-start=\"2520\" data-end=\"2537\">Inst\u00e4llningar<\/strong> \u2192 <strong data-start=\"2540\" data-end=\"2560\">Integritetsskydd<\/strong> \u2192 <strong data-start=\"2563\" data-end=\"2593\">Ta bort alla webbplatsdata<\/strong>.<\/span><\/p>\n<\/li>\n<\/ol>\n<p data-start=\"2598\" data-end=\"2621\"><span style=\"color: #333333;\"><strong data-start=\"2598\" data-end=\"2619\">Blockera cookies:<\/strong><\/span><\/p>\n<ol data-start=\"2622\" data-end=\"2702\">\n<li data-start=\"2622\" data-end=\"2702\">\n<p data-start=\"2625\" data-end=\"2702\"><span style=\"color: #333333;\">G\u00e5 till <strong data-start=\"2633\" data-end=\"2650\">Inst\u00e4llningar<\/strong> \u2192 <strong data-start=\"2653\" data-end=\"2673\">Integritetsskydd<\/strong> \u2192 <strong data-start=\"2676\" data-end=\"2701\">Blockera alla cookies<\/strong>.<\/span><\/p>\n<\/li>\n<\/ol>\n<hr data-start=\"2704\" data-end=\"2707\" \/>\n<h4 data-start=\"2709\" data-end=\"2735\"><span style=\"color: #333333;\">4. Viktig information<\/span><\/h4>\n<p data-start=\"2736\" data-end=\"2930\"><span style=\"color: #333333;\">Observera att begr\u00e4nsningar eller blockering av cookies kan p\u00e5verka funktionaliteten p\u00e5 webbplatsen. Genom att anv\u00e4nda KristetMingel.se samtycker du till att cookies anv\u00e4nds enligt denna policy.<\/span><\/p>\n<p><!-- \/wp:paragraph --><\/p>\t\t\t\t\t\t\t\t<\/div>\n\t\t\t\t<\/div>\n\t\t<div class=\"elementor-element elementor-element-ce0b88b e-con-full e-flex e-con e-child\" data-id=\"ce0b88b\" data-element_type=\"container\">\n\t\t\t\t<\/div>\n\t\t\t\t<\/div>\n\t\t\t\t<\/div>\n\t\t","protected":false},"excerpt":{"rendered":"<p>Cookiepolicy 1. Vad \u00e4r cookies En cookie \u00e4r en liten textfil som sparas p\u00e5 din dator, mobil eller surfplatta n\u00e4r du bes\u00f6ker en webbplats. Cookies anv\u00e4nds f\u00f6r att tillf\u00e4lligt lagra [&hellip;]<\/p>\n","protected":false},"author":1,"featured_media":0,"parent":0,"menu_order":16,"comment_status":"closed","ping_status":"closed","template":"","meta":{"_bbp_topic_count":0,"_bbp_reply_count":0,"_bbp_total_topic_count":0,"_bbp_total_reply_count":0,"_bbp_voice_count":0,"_bbp_anonymous_reply_count":0,"_bbp_topic_count_hidden":0,"_bbp_reply_count_hidden":0,"_bbp_forum_subforum_count":0,"two_page_speed":[],"footnotes":""},"class_list":["post-335","page","type-page","status-publish","hentry"],"_links":{"self":[{"href":"https:\/\/www.kristetmingel.se\/index.php\/wp-json\/wp\/v2\/pages\/335","targetHints":{"allow":["GET"]}}],"collection":[{"href":"https:\/\/www.kristetmingel.se\/index.php\/wp-json\/wp\/v2\/pages"}],"about":[{"href":"https:\/\/www.kristetmingel.se\/index.php\/wp-json\/wp\/v2\/types\/page"}],"author":[{"embeddable":true,"href":"https:\/\/www.kristetmingel.se\/index.php\/wp-json\/wp\/v2\/users\/1"}],"replies":[{"embeddable":true,"href":"https:\/\/www.kristetmingel.se\/index.php\/wp-json\/wp\/v2\/comments?post=335"}],"version-history":[{"count":10,"href":"https:\/\/www.kristetmingel.se\/index.php\/wp-json\/wp\/v2\/pages\/335\/revisions"}],"predecessor-version":[{"id":1047,"href":"https:\/\/www.kristetmingel.se\/index.php\/wp-json\/wp\/v2\/pages\/335\/revisions\/1047"}],"wp:attachment":[{"href":"https:\/\/www.kristetmingel.se\/index.php\/wp-json\/wp\/v2\/media?parent=335"}],"curies":[{"name":"wp","href":"https:\/\/api.w.org\/{rel}","templated":true}]}}