{"id":344,"date":"2025-11-11T15:50:48","date_gmt":"2025-11-11T14:50:48","guid":{"rendered":"https:\/\/www.kristetmingel.se\/?page_id=344"},"modified":"2025-11-28T11:41:49","modified_gmt":"2025-11-28T10:41:49","slug":"affiliate","status":"publish","type":"page","link":"https:\/\/www.kristetmingel.se\/affiliate\/","title":{"rendered":"Affiliate"},"content":{"rendered":"\t\t<div data-elementor-type=\"wp-page\" data-elementor-id=\"344\" class=\"elementor elementor-344\">\n\t\t\t\t<div class=\"elementor-element elementor-element-dc804e6 e-con-full e-flex e-con e-parent\" data-id=\"dc804e6\" data-element_type=\"container\" data-settings=\"{&quot;background_background&quot;:&quot;classic&quot;}\">\n\t\t<div class=\"elementor-element elementor-element-e83cb51 e-con-full e-flex e-con e-child\" data-id=\"e83cb51\" data-element_type=\"container\">\n\t\t\t\t<\/div>\n\t\t<div class=\"elementor-element elementor-element-08ac367 e-con-full e-flex e-con e-child\" data-id=\"08ac367\" data-element_type=\"container\">\n\t\t\t\t<div class=\"elementor-element elementor-element-84928ac elementor-widget elementor-widget-text-editor\" data-id=\"84928ac\" data-element_type=\"widget\" data-widget_type=\"text-editor.default\">\n\t\t\t\t\t\t\t\t\t<h2 class=\"wp-block-heading\"><span style=\"color: #ffffff;\"><strong>integritetspolicy<\/strong><\/span><\/h2>\n<p><!-- \/wp:heading --><!-- wp:paragraph --><\/p>\n<p>V\u00e5r webbplatsadress \u00e4r: <span style=\"color: #ffffff;\"><a style=\"color: #ffffff;\" href=\"http:\/\/kristetmingel.se\" target=\"_blank\" rel=\"noopener noreferrer nofollow\">kristetmingel.se<\/a><\/span>.<\/p>\n<p><!-- \/wp:paragraph --><!-- wp:paragraph --><\/p>\n<p><strong>Kommentarer<\/strong><\/p>\n<p><!-- \/wp:paragraph --><!-- wp:paragraph --><\/p>\n<p>N\u00e4r bes\u00f6kare l\u00e4mnar kommentarer p\u00e5 webbplatsen samlar vi in de uppgifter som visas i kommentarsformul\u00e4ret, samt bes\u00f6karens IP-adress och webbl\u00e4sarens user agent-str\u00e4ng f\u00f6r att hj\u00e4lpa till med att uppt\u00e4cka skr\u00e4ppost.<\/p>\n<p><!-- \/wp:paragraph --><!-- wp:paragraph --><\/p>\n<p>En anonymiserad str\u00e4ng skapad fr\u00e5n din e-postadress (\u00e4ven kallad hash) kan skickas till Gravatar-tj\u00e4nsten f\u00f6r att se om du anv\u00e4nder den. Gravatars sekretesspolicy finns h\u00e4r: <span style=\"color: #ffffff;\"><a style=\"color: #ffffff;\" href=\"https:\/\/automattic.com\/privacy\/\" target=\"_blank\" rel=\"noopener noreferrer nofollow\">https:\/\/automattic.com\/privacy\/<\/a>.<\/span> Efter godk\u00e4nnande av din kommentar blir din profilbild synlig f\u00f6r allm\u00e4nheten i samband med kommentaren.<\/p>\n<p><!-- \/wp:paragraph --><!-- wp:paragraph --><\/p>\n<p><strong>Media<\/strong><\/p>\n<p><!-- \/wp:paragraph --><!-- wp:paragraph --><\/p>\n<p>Om du laddar upp bilder p\u00e5 webbplatsen b\u00f6r du undvika att ladda upp bilder med inb\u00e4ddad platsinformation (EXIF GPS). Bes\u00f6kare p\u00e5 webbplatsen kan ladda ner och extrahera platsdata fr\u00e5n bilder p\u00e5 webbplatsen.<\/p>\n<p><!-- \/wp:paragraph --><!-- wp:paragraph --><\/p>\n<p><strong>Cookies<\/strong><\/p>\n<p><!-- \/wp:paragraph --><!-- wp:paragraph --><\/p>\n<p>Om du l\u00e4mnar en kommentar p\u00e5 v\u00e5r webbplats kan du v\u00e4lja att spara ditt namn, e-postadress och webbplats i cookies. Detta \u00e4r f\u00f6r din bekv\u00e4mlighet s\u00e5 att du inte beh\u00f6ver fylla i dina uppgifter igen n\u00e4sta g\u00e5ng du l\u00e4mnar en kommentar. Dessa cookies g\u00e4ller i ett \u00e5r.<\/p>\n<p><!-- \/wp:paragraph --><!-- wp:paragraph --><\/p>\n<p>Om du bes\u00f6ker v\u00e5r inloggningssida kommer vi att s\u00e4tta en tempor\u00e4r cookie f\u00f6r att avg\u00f6ra om din webbl\u00e4sare accepterar cookies. Denna cookie inneh\u00e5ller ingen personlig information och tas bort n\u00e4r du st\u00e4nger webbl\u00e4saren.<\/p>\n<p><!-- \/wp:paragraph --><!-- wp:paragraph --><\/p>\n<p>N\u00e4r du loggar in kommer vi ocks\u00e5 att s\u00e4tta flera cookies f\u00f6r att spara din inloggningsinformation och dina sk\u00e4rminst\u00e4llningar. Inloggningscookies g\u00e4ller i tv\u00e5 dagar och sk\u00e4rmoptionscookies i ett \u00e5r. Om du v\u00e4ljer &#8220;Kom ih\u00e5g mig&#8221; f\u00f6rblir du inloggad i tv\u00e5 veckor. Om du loggar ut tas inloggningscookies bort.<\/p>\n<p><!-- \/wp:paragraph --><!-- wp:paragraph --><\/p>\n<p>Om du redigerar eller publicerar en artikel sparas en extra cookie i din webbl\u00e4sare. Denna cookie inneh\u00e5ller ingen personlig information och visar endast ID f\u00f6r artikeln du just redigerat. Den upph\u00f6r efter 1 dag.<\/p>\n<p><!-- \/wp:paragraph --><!-- wp:paragraph --><\/p>\n<p><strong>Inb\u00e4ddat inneh\u00e5ll fr\u00e5n andra webbplatser<\/strong><\/p>\n<p><span style=\"font-size: 1rem;\">Artiklar p\u00e5 denna webbplats kan inneh\u00e5lla inb\u00e4ddat inneh\u00e5ll (t.ex. videor, bilder, artiklar etc.). Inb\u00e4ddat inneh\u00e5ll fr\u00e5n andra webbplatser beter sig exakt p\u00e5 samma s\u00e4tt som om bes\u00f6karen hade bes\u00f6kt den andra webbplatsen.<\/span><\/p>\n<p><!-- \/wp:paragraph --><!-- wp:paragraph --><\/p>\n<p>Dessa webbplatser kan samla in data om dig, anv\u00e4nda cookies, b\u00e4dda in ytterligare sp\u00e5rning fr\u00e5n tredje part och \u00f6vervaka din interaktion med det inb\u00e4ddade inneh\u00e5llet, inklusive om du har ett konto och \u00e4r inloggad p\u00e5 den webbplatsen.<\/p>\n<p><!-- \/wp:paragraph --><!-- wp:paragraph --><\/p>\n<p><strong>Vem vi delar dina uppgifter med<\/strong><\/p>\n<p><!-- \/wp:paragraph --><!-- wp:paragraph --><\/p>\n<p>Om du beg\u00e4r \u00e5terst\u00e4llning av l\u00f6senord kommer din IP-adress att inkluderas i \u00e5terst\u00e4llningsmailet.<\/p>\n<p><!-- \/wp:paragraph --><!-- wp:paragraph --><\/p>\n<p><strong>Hur l\u00e4nge vi beh\u00e5ller dina uppgifter<\/strong><\/p>\n<p><!-- \/wp:paragraph --><!-- wp:paragraph --><\/p>\n<p>Om du l\u00e4mnar en kommentar beh\u00e5lls kommentaren och dess metadata p\u00e5 obest\u00e4md tid. Detta g\u00f6rs f\u00f6r att vi automatiskt ska kunna k\u00e4nna igen och godk\u00e4nna eventuella uppf\u00f6ljande kommentarer ist\u00e4llet f\u00f6r att h\u00e5lla dem i k\u00f6 f\u00f6r granskning.<\/p>\n<p><!-- \/wp:paragraph --><!-- wp:paragraph --><\/p>\n<p>F\u00f6r anv\u00e4ndare som registrerar sig p\u00e5 v\u00e5r webbplats (om s\u00e5dana finns) lagrar vi ocks\u00e5 de personuppgifter de l\u00e4mnar i sin anv\u00e4ndarprofil. Alla anv\u00e4ndare kan se, redigera eller radera sina personuppgifter n\u00e4r som helst (f\u00f6rutom att de inte kan \u00e4ndra sitt anv\u00e4ndarnamn). Webbplatsadministrat\u00f6rer kan ocks\u00e5 se och redigera dessa uppgifter.<\/p>\n<p><!-- \/wp:paragraph --><!-- wp:paragraph --><\/p>\n<p><strong>Vilka r\u00e4ttigheter du har \u00f6ver dina uppgifter<\/strong><\/p>\n<p><!-- \/wp:paragraph --><!-- wp:paragraph --><\/p>\n<p>Om du har ett konto p\u00e5 denna webbplats eller har l\u00e4mnat kommentarer kan du beg\u00e4ra att f\u00e5 en exporterad fil med de personuppgifter vi har om dig, inklusive data du har l\u00e4mnat till oss. Du kan ocks\u00e5 beg\u00e4ra att vi raderar alla personuppgifter vi har om dig. Detta inkluderar inte uppgifter som vi \u00e4r skyldiga att beh\u00e5lla av administrativa, juridiska eller s\u00e4kerhetsm\u00e4ssiga sk\u00e4l.<\/p>\n<p><!-- \/wp:paragraph --><!-- wp:paragraph --><\/p>\n<p><strong>Vart dina uppgifter skickas<\/strong><\/p>\n<p><!-- \/wp:paragraph --><!-- wp:paragraph --><\/p>\n<p>Bes\u00f6kares kommentarer kan kontrolleras via en automatisk tj\u00e4nst f\u00f6r att uppt\u00e4cka skr\u00e4ppost.<\/p>\n<p><!-- \/wp:paragraph --><\/p>\t\t\t\t\t\t\t\t<\/div>\n\t\t\t\t<\/div>\n\t\t<div class=\"elementor-element elementor-element-e89566c e-con-full e-flex e-con e-child\" data-id=\"e89566c\" data-element_type=\"container\">\n\t\t\t\t<\/div>\n\t\t\t\t<\/div>\n\t\t\t\t<\/div>\n\t\t","protected":false},"excerpt":{"rendered":"<p>integritetspolicy V\u00e5r webbplatsadress \u00e4r: kristetmingel.se. Kommentarer N\u00e4r bes\u00f6kare l\u00e4mnar kommentarer p\u00e5 webbplatsen samlar vi in de uppgifter som visas i kommentarsformul\u00e4ret, samt bes\u00f6karens IP-adress och webbl\u00e4sarens user agent-str\u00e4ng f\u00f6r att [&hellip;]<\/p>\n","protected":false},"author":1,"featured_media":0,"parent":0,"menu_order":1,"comment_status":"closed","ping_status":"closed","template":"","meta":{"_bbp_topic_count":0,"_bbp_reply_count":0,"_bbp_total_topic_count":0,"_bbp_total_reply_count":0,"_bbp_voice_count":0,"_bbp_anonymous_reply_count":0,"_bbp_topic_count_hidden":0,"_bbp_reply_count_hidden":0,"_bbp_forum_subforum_count":0,"two_page_speed":[],"footnotes":""},"class_list":["post-344","page","type-page","status-publish","hentry"],"_links":{"self":[{"href":"https:\/\/www.kristetmingel.se\/index.php\/wp-json\/wp\/v2\/pages\/344","targetHints":{"allow":["GET"]}}],"collection":[{"href":"https:\/\/www.kristetmingel.se\/index.php\/wp-json\/wp\/v2\/pages"}],"about":[{"href":"https:\/\/www.kristetmingel.se\/index.php\/wp-json\/wp\/v2\/types\/page"}],"author":[{"embeddable":true,"href":"https:\/\/www.kristetmingel.se\/index.php\/wp-json\/wp\/v2\/users\/1"}],"replies":[{"embeddable":true,"href":"https:\/\/www.kristetmingel.se\/index.php\/wp-json\/wp\/v2\/comments?post=344"}],"version-history":[{"count":10,"href":"https:\/\/www.kristetmingel.se\/index.php\/wp-json\/wp\/v2\/pages\/344\/revisions"}],"predecessor-version":[{"id":1249,"href":"https:\/\/www.kristetmingel.se\/index.php\/wp-json\/wp\/v2\/pages\/344\/revisions\/1249"}],"wp:attachment":[{"href":"https:\/\/www.kristetmingel.se\/index.php\/wp-json\/wp\/v2\/media?parent=344"}],"curies":[{"name":"wp","href":"https:\/\/api.w.org\/{rel}","templated":true}]}}